{"id":4678,"date":"2025-09-12T08:31:57","date_gmt":"2025-09-12T06:31:57","guid":{"rendered":"https:\/\/www.mailfino.de\/?page_id=4678"},"modified":"2025-09-12T08:34:12","modified_gmt":"2025-09-12T06:34:12","slug":"erklaerung-zur-barrierefreiheit","status":"publish","type":"page","link":"https:\/\/www.mailfino.de\/en\/erklaerung-zur-barrierefreiheit\/","title":{"rendered":"Erkl\u00e4rung zur Barrierefreiheit"},"content":{"rendered":"<div data-elementor-type=\"wp-page\" data-elementor-id=\"4678\" class=\"elementor elementor-4678\" data-elementor-post-type=\"page\">\n\t\t\t\t\t\t<section class=\"elementor-section elementor-top-section elementor-element elementor-element-0bb45a4 elementor-section-boxed elementor-section-height-default elementor-section-height-default\" data-id=\"0bb45a4\" data-element_type=\"section\">\n\t\t\t\t\t\t<div class=\"elementor-container elementor-column-gap-default\">\n\t\t\t\t\t<div class=\"elementor-column elementor-col-100 elementor-top-column elementor-element elementor-element-cde7ea2\" data-id=\"cde7ea2\" data-element_type=\"column\">\n\t\t\t<div class=\"elementor-widget-wrap elementor-element-populated\">\n\t\t\t\t\t\t<div class=\"elementor-element elementor-element-2481983 elementor-widget elementor-widget-text-editor\" data-id=\"2481983\" data-element_type=\"widget\" data-widget_type=\"text-editor.default\">\n\t\t\t\t<div class=\"elementor-widget-container\">\n\t\t\t\t\t\t\t\t\t<p class=\"p1\">Wir sind bestrebt, unsere Website und Softwarel\u00f6sung mailfino im Einklang mit dem <span class=\"s1\"><b>Barrierefreiheitsst\u00e4rkungsgesetz (BFSG)<\/b><\/span> sowie der <span class=\"s1\"><b>Barrierefreiheitsst\u00e4rkungsverordnung (BFSGV)<\/b><\/span> barrierefrei zug\u00e4nglich zu machen. Die Anforderungen ergeben sich aus \u00a7\u202f4 BFSG in Verbindung mit der europ\u00e4ischen Norm <span class=\"s1\"><b>EN\u202f301\u202f549<\/b><\/span>.<\/p><h3><b>Geltungsbereich<\/b><\/h3><p class=\"p1\">Unser Angebot richtet sich <span class=\"s1\"><b>ausschlie\u00dflich an gewerbliche Nutzer<\/b><\/span> (B2B). Die Software Mailfino ist nicht f\u00fcr private Endverbraucher konzipiert. Dennoch nehmen wir das Thema Barrierefreiheit sehr ernst und pr\u00fcfen fortlaufend, inwiefern die gesetzlichen Anforderungen auch im B2B-Kontext Anwendung finden.<\/p><p class=\"p1\">Ziel ist es, auch f\u00fcr gewerbliche Anwenderinnen und Anwender eine m\u00f6glichst barrierearme Nutzung unserer digitalen Angebote sicherzustellen.<\/p><h3><b>Stand der Vereinbarkeit mit den Anforderungen<\/b><\/h3><p class=\"p1\">Unsere Website und Software sind derzeit <span class=\"s1\"><b>teilweise barrierefrei<\/b><\/span>. Wir befinden uns aktuell in der Evaluations- und Umsetzungsphase, um bestehende Barrieren systematisch zu identifizieren und schrittweise zu beseitigen.<\/p><h3><b>Noch nicht barrierefreie Inhalte<\/b><\/h3><p class=\"p1\">Aktuell sind folgende Inhalte und Funktionen noch nicht vollst\u00e4ndig barrierefrei:<\/p><ul><li><p class=\"p1\">Nicht alle Bilder und Grafiken verf\u00fcgen \u00fcber aussagekr\u00e4ftige Alternativtexte<\/p><\/li><li><p class=\"p1\">Einige interaktive Elemente sind noch nicht vollst\u00e4ndig mit der Tastatur bedienbar<\/p><\/li><li><p class=\"p1\">Bestimmte Farbkontraste entsprechen noch nicht den Anforderungen<\/p><\/li><li><p class=\"p1\">Formularelemente sind teilweise nicht korrekt beschriftet<\/p><\/li><li><p class=\"p1\">Screenreader-Kompatibilit\u00e4t ist in einigen Bereichen eingeschr\u00e4nkt<\/p><\/li><\/ul><p class=\"p1\">Wir arbeiten intensiv daran, diese M\u00e4ngel zu beheben und die Barrierefreiheit unserer Angebote kontinuierlich zu verbessern.<\/p><h3><b>Unsere geplanten Ma\u00dfnahmen<\/b><\/h3><ul><li><p class=\"p1\">Durchf\u00fchrung eines externen Accessibility-Tests gem\u00e4\u00df EN 301 549<\/p><\/li><li><p class=\"p1\">Technische Anpassungen in der Benutzeroberfl\u00e4che<\/p><\/li><li><p class=\"p1\">Schulungen unseres Teams zur barrierefreien Gestaltung<\/p><\/li><\/ul><h3><b>Feedback und Kontakt<\/b><\/h3><p class=\"p1\">Sind Ihnen Barrieren auf unserer Website oder in unserer Software aufgefallen? Oder haben Sie Hinweise zur Verbesserung? Dann kontaktieren Sie uns gerne.<\/p><h3><b>Durchsetzungsverfahren<\/b><\/h3><p class=\"p1\">Sollten Sie mit unserer R\u00fcckmeldung nicht zufrieden sein oder innerhalb eines Monats keine Antwort erhalten, k\u00f6nnen Sie sich an die zust\u00e4ndige Durchsetzungsstelle wenden:<\/p><p class=\"p4\"><b>Durchsetzungsstelle Niedersachsen \u2013 IT.Niedersachsen<br \/><\/b><b><\/b>Goseriede 9<br \/>30159 Hannover<\/p><p class=\"p1\">E-Mail: durchsetzungsstelle-barrierefreiheit@it.niedersachsen.de<br \/>Telefon: +49 511 120-8699<br \/>Webseite: https:\/\/www.barrierefreiheit.niedersachsen.de<\/p><p class=\"p4\"><b>Stand dieser Erkl\u00e4rung:<\/b><span class=\"s3\"> 12. September 2025<\/span><\/p><p class=\"p1\">Diese Erkl\u00e4rung wurde auf Grundlage einer Selbstbewertung erstellt.<\/p>\t\t\t\t\t\t\t\t<\/div>\n\t\t\t\t<\/div>\n\t\t\t\t\t<\/div>\n\t\t<\/div>\n\t\t\t\t\t<\/div>\n\t\t<\/section>\n\t\t\t\t<\/div>","protected":false},"excerpt":{"rendered":"<p>Wir sind bestrebt, unsere Website und Softwarel\u00f6sung mailfino im Einklang mit dem Barrierefreiheitsst\u00e4rkungsgesetz (BFSG) sowie der Barrierefreiheitsst\u00e4rkungsverordnung (BFSGV) barrierefrei zug\u00e4nglich zu machen. Die Anforderungen ergeben sich aus \u00a7\u202f4 BFSG in Verbindung mit der europ\u00e4ischen Norm EN\u202f301\u202f549. Geltungsbereich Unser Angebot richtet sich ausschlie\u00dflich an gewerbliche Nutzer (B2B). Die Software Mailfino ist nicht f\u00fcr private Endverbraucher konzipiert. [&hellip;]<\/p>\n","protected":false},"author":1,"featured_media":0,"parent":0,"menu_order":0,"comment_status":"closed","ping_status":"closed","template":"","meta":{"footnotes":""},"class_list":["post-4678","page","type-page","status-publish","hentry"],"_links":{"self":[{"href":"https:\/\/www.mailfino.de\/en\/wp-json\/wp\/v2\/pages\/4678","targetHints":{"allow":["GET"]}}],"collection":[{"href":"https:\/\/www.mailfino.de\/en\/wp-json\/wp\/v2\/pages"}],"about":[{"href":"https:\/\/www.mailfino.de\/en\/wp-json\/wp\/v2\/types\/page"}],"author":[{"embeddable":true,"href":"https:\/\/www.mailfino.de\/en\/wp-json\/wp\/v2\/users\/1"}],"replies":[{"embeddable":true,"href":"https:\/\/www.mailfino.de\/en\/wp-json\/wp\/v2\/comments?post=4678"}],"version-history":[{"count":4,"href":"https:\/\/www.mailfino.de\/en\/wp-json\/wp\/v2\/pages\/4678\/revisions"}],"predecessor-version":[{"id":4682,"href":"https:\/\/www.mailfino.de\/en\/wp-json\/wp\/v2\/pages\/4678\/revisions\/4682"}],"wp:attachment":[{"href":"https:\/\/www.mailfino.de\/en\/wp-json\/wp\/v2\/media?parent=4678"}],"curies":[{"name":"wp","href":"https:\/\/api.w.org\/{rel}","templated":true}]}}