{"id":3146,"date":"2022-01-25T14:06:42","date_gmt":"2022-01-25T13:06:42","guid":{"rendered":"https:\/\/mailfino.com\/?page_id=3146"},"modified":"2026-02-03T15:33:57","modified_gmt":"2026-02-03T14:33:57","slug":"imprint","status":"publish","type":"page","link":"https:\/\/www.mailfino.de\/en\/impressum\/","title":{"rendered":"Imprint"},"content":{"rendered":"<div data-elementor-type=\"wp-page\" data-elementor-id=\"3146\" class=\"elementor elementor-3146\" data-elementor-post-type=\"page\">\n\t\t\t\t\t\t<section class=\"elementor-section elementor-top-section elementor-element elementor-element-96372df elementor-section-boxed elementor-section-height-default elementor-section-height-default\" data-id=\"96372df\" data-element_type=\"section\">\n\t\t\t\t\t\t<div class=\"elementor-container elementor-column-gap-default\">\n\t\t\t\t\t<div class=\"elementor-column elementor-col-100 elementor-top-column elementor-element elementor-element-6863ecc\" data-id=\"6863ecc\" data-element_type=\"column\">\n\t\t\t<div class=\"elementor-widget-wrap elementor-element-populated\">\n\t\t\t\t\t\t<div class=\"elementor-element elementor-element-fb37472 elementor-widget elementor-widget-heading\" data-id=\"fb37472\" data-element_type=\"widget\" data-widget_type=\"heading.default\">\n\t\t\t\t<div class=\"elementor-widget-container\">\n\t\t\t\t\t<h1 class=\"elementor-heading-title elementor-size-default\">Imprint<br><\/h1>\t\t\t\t<\/div>\n\t\t\t\t<\/div>\n\t\t\t\t\t<\/div>\n\t\t<\/div>\n\t\t\t\t\t<\/div>\n\t\t<\/section>\n\t\t\t\t<section class=\"elementor-section elementor-inner-section elementor-element elementor-element-5e444b6 elementor-section-boxed elementor-section-height-default elementor-section-height-default\" data-id=\"5e444b6\" data-element_type=\"section\">\n\t\t\t\t\t\t<div class=\"elementor-container elementor-column-gap-default\">\n\t\t\t\t\t<div class=\"elementor-column elementor-col-50 elementor-inner-column elementor-element elementor-element-a625623\" data-id=\"a625623\" data-element_type=\"column\">\n\t\t\t<div class=\"elementor-widget-wrap elementor-element-populated\">\n\t\t\t\t\t\t<div class=\"elementor-element elementor-element-41c22d9 elementor-widget elementor-widget-heading\" data-id=\"41c22d9\" data-element_type=\"widget\" data-widget_type=\"heading.default\">\n\t\t\t\t<div class=\"elementor-widget-container\">\n\t\t\t\t\t<h2 class=\"elementor-heading-title elementor-size-default\">4OfficeAutomation GmbH<\/h2>\t\t\t\t<\/div>\n\t\t\t\t<\/div>\n\t\t\t\t<div class=\"elementor-element elementor-element-7b018a5 elementor-widget elementor-widget-text-editor\" data-id=\"7b018a5\" data-element_type=\"widget\" data-widget_type=\"text-editor.default\">\n\t\t\t\t<div class=\"elementor-widget-container\">\n\t\t\t\t\t\t\t\t\t<p>Schl\u00e4gelweg 46a<\/p>\n<p>31275 Lehrte<\/p>\n<p>Germany<\/p>\n<p>Phone: +49 (0) 5132 946 7012<\/p>\n<p>E-Mail:<img decoding=\"async\" style=\"vertical-align: middle;\" src=\"\/wp-content\/uploads\/2016\/10\/mynewsletter_rocks_kontaktadresse.png\"><\/p>\n<p>Web: <a href=\"https:\/\/www.mynewsletter.rocks\" target=\"_blank\" rel=\"noopener\">https:\/\/www.mailfino.de&nbsp;<\/a><\/p>\n<p>Managing Director: Johannes Vorwerk<\/p>\n<p>Commercial register: HRB 203395, Hildesheim Local Court<\/p>\n<p>Umsatzsteuer-ID: DE288754911<\/p>\n<p>Our General Terms and Conditions are listed on the following page:&nbsp;<a id=\"ctl00_ContentPlaceHolder1_HyperLink3\" title=\"Terms &amp; Conditions\" href=\"http:\/\/de.mynewsletter.rocks\/agb\/\" target=\"_blank\" rel=\"noopener\">GTC<\/a><\/p>\t\t\t\t\t\t\t\t<\/div>\n\t\t\t\t<\/div>\n\t\t\t\t\t<\/div>\n\t\t<\/div>\n\t\t\t\t<div class=\"elementor-column elementor-col-50 elementor-inner-column elementor-element elementor-element-3613a51\" data-id=\"3613a51\" data-element_type=\"column\">\n\t\t\t<div class=\"elementor-widget-wrap elementor-element-populated\">\n\t\t\t\t\t\t<div class=\"elementor-element elementor-element-a1e7dff elementor-widget elementor-widget-image\" data-id=\"a1e7dff\" data-element_type=\"widget\" data-widget_type=\"image.default\">\n\t\t\t\t<div class=\"elementor-widget-container\">\n\t\t\t\t\t\t\t\t\t\t\t\t\t\t\t<img fetchpriority=\"high\" decoding=\"async\" width=\"300\" height=\"176\" src=\"https:\/\/www.mailfino.de\/wp-content\/uploads\/2022\/01\/4oa_logo_600x352-300x176.png\" class=\"attachment-medium size-medium wp-image-3151\" alt=\"4OfficeAutomation\" srcset=\"https:\/\/www.mailfino.de\/wp-content\/uploads\/2022\/01\/4oa_logo_600x352-300x176.png 300w, https:\/\/www.mailfino.de\/wp-content\/uploads\/2022\/01\/4oa_logo_600x352-18x12.png 18w, https:\/\/www.mailfino.de\/wp-content\/uploads\/2022\/01\/4oa_logo_600x352-200x117.png 200w, https:\/\/www.mailfino.de\/wp-content\/uploads\/2022\/01\/4oa_logo_600x352.png 600w\" sizes=\"(max-width: 300px) 100vw, 300px\" \/>\t\t\t\t\t\t\t\t\t\t\t\t\t\t\t<\/div>\n\t\t\t\t<\/div>\n\t\t\t\t\t<\/div>\n\t\t<\/div>\n\t\t\t\t\t<\/div>\n\t\t<\/section>\n\t\t\t\t<section class=\"elementor-section elementor-top-section elementor-element elementor-element-52f78b6 elementor-section-boxed elementor-section-height-default elementor-section-height-default\" data-id=\"52f78b6\" data-element_type=\"section\">\n\t\t\t\t\t\t<div class=\"elementor-container elementor-column-gap-default\">\n\t\t\t\t\t<div class=\"elementor-column elementor-col-100 elementor-top-column elementor-element elementor-element-2925729\" data-id=\"2925729\" data-element_type=\"column\">\n\t\t\t<div class=\"elementor-widget-wrap elementor-element-populated\">\n\t\t\t\t\t\t<div class=\"elementor-element elementor-element-2815e2a elementor-widget elementor-widget-heading\" data-id=\"2815e2a\" data-element_type=\"widget\" data-widget_type=\"heading.default\">\n\t\t\t\t<div class=\"elementor-widget-container\">\n\t\t\t\t\t<h2 class=\"elementor-heading-title elementor-size-default\">Online dispute resolution<\/h2>\t\t\t\t<\/div>\n\t\t\t\t<\/div>\n\t\t\t\t<div class=\"elementor-element elementor-element-f186bf1 elementor-widget elementor-widget-text-editor\" data-id=\"f186bf1\" data-element_type=\"widget\" data-widget_type=\"text-editor.default\">\n\t\t\t\t<div class=\"elementor-widget-container\">\n\t\t\t\t\t\t\t\t\t<p>Online dispute resolution pursuant to Art. 14 para. 1 ODR-VO: The European Commission provides a platform for online dispute resolution (OS), which you can access at\u00a0<a title=\"Online dispute resolution of the European Commission\" href=\"http:\/\/ec.europa.eu\/consumers\/odr\/\" target=\"_blank\" rel=\"nofollow noopener\">http:\/\/ec.europa.eu\/consumers\/odr\/<\/a>\u00a0find. Consumers have the option of using this platform to resolve their disputes.<\/p>\t\t\t\t\t\t\t\t<\/div>\n\t\t\t\t<\/div>\n\t\t\t\t<div class=\"elementor-element elementor-element-de84a17 elementor-widget elementor-widget-heading\" data-id=\"de84a17\" data-element_type=\"widget\" data-widget_type=\"heading.default\">\n\t\t\t\t<div class=\"elementor-widget-container\">\n\t\t\t\t\t<h2 class=\"elementor-heading-title elementor-size-default\">Copyright<\/h2>\t\t\t\t<\/div>\n\t\t\t\t<\/div>\n\t\t\t\t<div class=\"elementor-element elementor-element-3370407 elementor-widget elementor-widget-text-editor\" data-id=\"3370407\" data-element_type=\"widget\" data-widget_type=\"text-editor.default\">\n\t\t\t\t<div class=\"elementor-widget-container\">\n\t\t\t\t\t\t\t\t\t<p>All rights reserved.&nbsp;<\/p>\n<p>All images, graphics and content, as well as the layout of the entire website, are subject to the copyright of the publisher and third parties. If the copyright holder is not evident, this does not mean that the copyright has been released. It is expressly pointed out that all images, graphics and content may not be used without the written permission of the copyright holder. This also applies to private websites. All content is intended for personal information only. All information is provided without guarantee. All trademarks and word marks used, even if not expressly identified as such, are the property of their respective owners.<\/p>\n<p>mailfino, the mailfino logo, mynewsletter.rocks, the mynewsletter.rocks logo, 4OfficeAutomation and the 4OfficeAutomation logo are trademarks of 4OfficeAutomation GmbH.<\/p>\t\t\t\t\t\t\t\t<\/div>\n\t\t\t\t<\/div>\n\t\t\t\t<div class=\"elementor-element elementor-element-a1d8e45 elementor-widget elementor-widget-heading\" data-id=\"a1d8e45\" data-element_type=\"widget\" data-widget_type=\"heading.default\">\n\t\t\t\t<div class=\"elementor-widget-container\">\n\t\t\t\t\t<h2 class=\"elementor-heading-title elementor-size-default\">Liability<\/h2>\t\t\t\t<\/div>\n\t\t\t\t<\/div>\n\t\t\t\t<div class=\"elementor-element elementor-element-ce6e552 elementor-widget elementor-widget-text-editor\" data-id=\"ce6e552\" data-element_type=\"widget\" data-widget_type=\"text-editor.default\">\n\t\t\t\t<div class=\"elementor-widget-container\">\n\t\t\t\t\t\t\t\t\t<p>The website operator or author assumes no liability for the topicality, correctness, completeness or quality of the information provided. Liability claims against the author relating to material or immaterial damage caused by the use or non-use of the information provided or by the use of incorrect or incomplete information are fundamentally excluded, unless there is evidence of wilful intent or gross negligence on the part of the author. All offers are subject to change and non-binding. The website operator expressly reserves the right to change, supplement or delete parts of the pages or the entire offer without prior notice or to cease publication temporarily or permanently.<\/p>\t\t\t\t\t\t\t\t<\/div>\n\t\t\t\t<\/div>\n\t\t\t\t<div class=\"elementor-element elementor-element-c8f8303 elementor-widget elementor-widget-heading\" data-id=\"c8f8303\" data-element_type=\"widget\" data-widget_type=\"heading.default\">\n\t\t\t\t<div class=\"elementor-widget-container\">\n\t\t\t\t\t<h2 class=\"elementor-heading-title elementor-size-default\">Liability for links<\/h2>\t\t\t\t<\/div>\n\t\t\t\t<\/div>\n\t\t\t\t<div class=\"elementor-element elementor-element-f87d667 elementor-widget elementor-widget-text-editor\" data-id=\"f87d667\" data-element_type=\"widget\" data-widget_type=\"text-editor.default\">\n\t\t\t\t<div class=\"elementor-widget-container\">\n\t\t\t\t\t\t\t\t\t<p>It is expressly emphasized that the operator of this site has no influence whatsoever on the design and content of linked pages. Therefore, the operator hereby expressly distances itself from all content of all linked pages on the entire website, including all sub-pages. This declaration applies to all links on the homepage and to all contents of the pages to which links or banners lead.<\/p>\t\t\t\t\t\t\t\t<\/div>\n\t\t\t\t<\/div>\n\t\t\t\t\t<\/div>\n\t\t<\/div>\n\t\t\t\t\t<\/div>\n\t\t<\/section>\n\t\t\t\t<\/div>","protected":false},"excerpt":{"rendered":"<p>Impressum 4OfficeAutomation GmbH Schl\u00e4gelweg 46a 31275 Lehrte Deutschland Telefon: +49 (0) 5132 946 7012 E-Mail: Web: https:\/\/www.mailfino.de&nbsp; Gesch\u00e4ftsf\u00fchrer: Johannes Vorwerk Handelsregister: HRB 203395, Amtsgericht Hildesheim Umsatzsteuer-ID: DE288754911 Unsere Allgemeinen Gesch\u00e4ftsbedingungen sind auf der folgenden Seite aufgef\u00fchrt:&nbsp;AGB Online-Streitbeilegung Online-Streitbeilegung gem\u00e4\u00df Art. 14 Abs. 1 ODR-VO: Die Europ\u00e4ische Kommission stellt eine Plattform zur Online-Streitbeilegung (OS) bereit, die [&hellip;]<\/p>\n","protected":false},"author":1,"featured_media":0,"parent":0,"menu_order":0,"comment_status":"closed","ping_status":"closed","template":"","meta":{"footnotes":""},"class_list":["post-3146","page","type-page","status-publish","hentry"],"_links":{"self":[{"href":"https:\/\/www.mailfino.de\/en\/wp-json\/wp\/v2\/pages\/3146","targetHints":{"allow":["GET"]}}],"collection":[{"href":"https:\/\/www.mailfino.de\/en\/wp-json\/wp\/v2\/pages"}],"about":[{"href":"https:\/\/www.mailfino.de\/en\/wp-json\/wp\/v2\/types\/page"}],"author":[{"embeddable":true,"href":"https:\/\/www.mailfino.de\/en\/wp-json\/wp\/v2\/users\/1"}],"replies":[{"embeddable":true,"href":"https:\/\/www.mailfino.de\/en\/wp-json\/wp\/v2\/comments?post=3146"}],"version-history":[{"count":25,"href":"https:\/\/www.mailfino.de\/en\/wp-json\/wp\/v2\/pages\/3146\/revisions"}],"predecessor-version":[{"id":4751,"href":"https:\/\/www.mailfino.de\/en\/wp-json\/wp\/v2\/pages\/3146\/revisions\/4751"}],"wp:attachment":[{"href":"https:\/\/www.mailfino.de\/en\/wp-json\/wp\/v2\/media?parent=3146"}],"curies":[{"name":"wp","href":"https:\/\/api.w.org\/{rel}","templated":true}]}}