{"id":2936,"date":"2020-09-07T14:20:15","date_gmt":"2020-09-07T12:20:15","guid":{"rendered":"http:\/\/www.mynewsletter.rocks\/?page_id=2936"},"modified":"2024-06-23T20:17:44","modified_gmt":"2024-06-23T18:17:44","slug":"rest-api","status":"publish","type":"page","link":"https:\/\/www.mailfino.de\/en\/rest-api\/","title":{"rendered":"REST Api"},"content":{"rendered":"<div data-elementor-type=\"wp-page\" data-elementor-id=\"2936\" class=\"elementor elementor-2936\" data-elementor-post-type=\"page\">\n\t\t\t\t\t\t<section class=\"elementor-section elementor-top-section elementor-element elementor-element-826b0eb elementor-section-boxed elementor-section-height-default elementor-section-height-default\" data-id=\"826b0eb\" data-element_type=\"section\">\n\t\t\t\t\t\t<div class=\"elementor-container elementor-column-gap-default\">\n\t\t\t\t\t<div class=\"elementor-column elementor-col-100 elementor-top-column elementor-element elementor-element-92c5ee9\" data-id=\"92c5ee9\" data-element_type=\"column\">\n\t\t\t<div class=\"elementor-widget-wrap elementor-element-populated\">\n\t\t\t\t\t\t<div class=\"elementor-element elementor-element-f421b98 elementor-widget elementor-widget-heading\" data-id=\"f421b98\" data-element_type=\"widget\" data-widget_type=\"heading.default\">\n\t\t\t\t<div class=\"elementor-widget-container\">\n\t\t\t\t\t<h1 class=\"elementor-heading-title elementor-size-default\">Discover the powerful mailfino REST AP<\/h1>\t\t\t\t<\/div>\n\t\t\t\t<\/div>\n\t\t\t\t\t<\/div>\n\t\t<\/div>\n\t\t\t\t\t<\/div>\n\t\t<\/section>\n\t\t\t\t<section class=\"elementor-section elementor-top-section elementor-element elementor-element-6c31455 elementor-section-boxed elementor-section-height-default elementor-section-height-default\" data-id=\"6c31455\" data-element_type=\"section\">\n\t\t\t\t\t\t<div class=\"elementor-container elementor-column-gap-default\">\n\t\t\t\t\t<div class=\"elementor-column elementor-col-100 elementor-top-column elementor-element elementor-element-1f22195\" data-id=\"1f22195\" data-element_type=\"column\">\n\t\t\t<div class=\"elementor-widget-wrap elementor-element-populated\">\n\t\t\t\t\t\t<div class=\"elementor-element elementor-element-994649d elementor-widget elementor-widget-text-editor\" data-id=\"994649d\" data-element_type=\"widget\" data-widget_type=\"text-editor.default\">\n\t\t\t\t<div class=\"elementor-widget-container\">\n\t\t\t\t\t\t\t\t\t<p>The Mailfino REST API offers a comprehensive and flexible solution for automating and optimizing your email marketing processes. Develop customized applications and integrate powerful functions directly into your existing systems.<\/p>\t\t\t\t\t\t\t\t<\/div>\n\t\t\t\t<\/div>\n\t\t\t\t\t<\/div>\n\t\t<\/div>\n\t\t\t\t\t<\/div>\n\t\t<\/section>\n\t\t\t\t<section class=\"elementor-section elementor-top-section elementor-element elementor-element-981f802 elementor-section-boxed elementor-section-height-default elementor-section-height-default\" data-id=\"981f802\" data-element_type=\"section\">\n\t\t\t\t\t\t<div class=\"elementor-container elementor-column-gap-default\">\n\t\t\t\t\t<div class=\"elementor-column elementor-col-100 elementor-top-column elementor-element elementor-element-317df80\" data-id=\"317df80\" data-element_type=\"column\">\n\t\t\t<div class=\"elementor-widget-wrap elementor-element-populated\">\n\t\t\t\t\t\t<div class=\"elementor-element elementor-element-a5b4655 elementor-widget elementor-widget-heading\" data-id=\"a5b4655\" data-element_type=\"widget\" data-widget_type=\"heading.default\">\n\t\t\t\t<div class=\"elementor-widget-container\">\n\t\t\t\t\t<h2 class=\"elementor-heading-title elementor-size-default\">Autoresponse management<\/h2>\t\t\t\t<\/div>\n\t\t\t\t<\/div>\n\t\t\t\t<div class=\"elementor-element elementor-element-7af7f9f elementor-widget elementor-widget-text-editor\" data-id=\"7af7f9f\" data-element_type=\"widget\" data-widget_type=\"text-editor.default\">\n\t\t\t\t<div class=\"elementor-widget-container\">\n\t\t\t\t\t\t\t\t\t<p>With autoresponse management, you can efficiently create, manage and delete automatic responses. Ensure that your customers always receive the right message at the right time.<\/p>\t\t\t\t\t\t\t\t<\/div>\n\t\t\t\t<\/div>\n\t\t\t\t<div class=\"elementor-element elementor-element-d9c082b elementor-widget elementor-widget-heading\" data-id=\"d9c082b\" data-element_type=\"widget\" data-widget_type=\"heading.default\">\n\t\t\t\t<div class=\"elementor-widget-container\">\n\t\t\t\t\t<h2 class=\"elementor-heading-title elementor-size-default\">Category management<\/h2>\t\t\t\t<\/div>\n\t\t\t\t<\/div>\n\t\t\t\t<div class=\"elementor-element elementor-element-58f1bc9 elementor-widget elementor-widget-text-editor\" data-id=\"58f1bc9\" data-element_type=\"widget\" data-widget_type=\"text-editor.default\">\n\t\t\t\t<div class=\"elementor-widget-container\">\n\t\t\t\t\t\t\t\t\t<p>Organize your contacts effortlessly with category management. Create, edit and delete categories to precisely segment your target groups and carry out targeted marketing campaigns.<\/p>\t\t\t\t\t\t\t\t<\/div>\n\t\t\t\t<\/div>\n\t\t\t\t<div class=\"elementor-element elementor-element-a3b2db5 elementor-widget elementor-widget-heading\" data-id=\"a3b2db5\" data-element_type=\"widget\" data-widget_type=\"heading.default\">\n\t\t\t\t<div class=\"elementor-widget-container\">\n\t\t\t\t\t<h2 class=\"elementor-heading-title elementor-size-default\">Design management<\/h2>\t\t\t\t<\/div>\n\t\t\t\t<\/div>\n\t\t\t\t<div class=\"elementor-element elementor-element-a611543 elementor-widget elementor-widget-text-editor\" data-id=\"a611543\" data-element_type=\"widget\" data-widget_type=\"text-editor.default\">\n\t\t\t\t<div class=\"elementor-widget-container\">\n\t\t\t\t\t\t\t\t\t<p>Save, manage and optimize your email drafts with draft management. Keep your marketing messages up to date and ready to send.<\/p>\t\t\t\t\t\t\t\t<\/div>\n\t\t\t\t<\/div>\n\t\t\t\t<div class=\"elementor-element elementor-element-2158dc0 elementor-widget elementor-widget-heading\" data-id=\"2158dc0\" data-element_type=\"widget\" data-widget_type=\"heading.default\">\n\t\t\t\t<div class=\"elementor-widget-container\">\n\t\t\t\t\t<h2 class=\"elementor-heading-title elementor-size-default\">Forms management<\/h2>\t\t\t\t<\/div>\n\t\t\t\t<\/div>\n\t\t\t\t<div class=\"elementor-element elementor-element-006ec33 elementor-widget elementor-widget-text-editor\" data-id=\"006ec33\" data-element_type=\"widget\" data-widget_type=\"text-editor.default\">\n\t\t\t\t<div class=\"elementor-widget-container\">\n\t\t\t\t\t\t\t\t\t<p>Create and manage custom forms to collect valuable information from your customers. Save, load and edit forms according to your needs<\/p>\t\t\t\t\t\t\t\t<\/div>\n\t\t\t\t<\/div>\n\t\t\t\t<div class=\"elementor-element elementor-element-69b3833 elementor-widget elementor-widget-heading\" data-id=\"69b3833\" data-element_type=\"widget\" data-widget_type=\"heading.default\">\n\t\t\t\t<div class=\"elementor-widget-container\">\n\t\t\t\t\t<h2 class=\"elementor-heading-title elementor-size-default\">Job management<\/h2>\t\t\t\t<\/div>\n\t\t\t\t<\/div>\n\t\t\t\t<div class=\"elementor-element elementor-element-236d01a elementor-widget elementor-widget-text-editor\" data-id=\"236d01a\" data-element_type=\"widget\" data-widget_type=\"text-editor.default\">\n\t\t\t\t<div class=\"elementor-widget-container\">\n\t\t\t\t\t\t\t\t\t<p>Keep track of your email jobs. Manage mailing jobs from creation to delivery and ensure that your campaigns run smoothly.<\/p>\t\t\t\t\t\t\t\t<\/div>\n\t\t\t\t<\/div>\n\t\t\t\t<div class=\"elementor-element elementor-element-c4319ee elementor-widget elementor-widget-heading\" data-id=\"c4319ee\" data-element_type=\"widget\" data-widget_type=\"heading.default\">\n\t\t\t\t<div class=\"elementor-widget-container\">\n\t\t\t\t\t<h2 class=\"elementor-heading-title elementor-size-default\">Recipient management<\/h2>\t\t\t\t<\/div>\n\t\t\t\t<\/div>\n\t\t\t\t<div class=\"elementor-element elementor-element-20d2b10 elementor-widget elementor-widget-text-editor\" data-id=\"20d2b10\" data-element_type=\"widget\" data-widget_type=\"text-editor.default\">\n\t\t\t\t<div class=\"elementor-widget-container\">\n\t\t\t\t\t\t\t\t\t<p>Manage your recipient data efficiently. Create, update and delete recipient profiles and ensure that your messages always reach the right people<\/p>\t\t\t\t\t\t\t\t<\/div>\n\t\t\t\t<\/div>\n\t\t\t\t<div class=\"elementor-element elementor-element-0b63969 elementor-widget elementor-widget-heading\" data-id=\"0b63969\" data-element_type=\"widget\" data-widget_type=\"heading.default\">\n\t\t\t\t<div class=\"elementor-widget-container\">\n\t\t\t\t\t<h2 class=\"elementor-heading-title elementor-size-default\">Deregistration management<\/h2>\t\t\t\t<\/div>\n\t\t\t\t<\/div>\n\t\t\t\t<div class=\"elementor-element elementor-element-dfe308a elementor-widget elementor-widget-text-editor\" data-id=\"dfe308a\" data-element_type=\"widget\" data-widget_type=\"text-editor.default\">\n\t\t\t\t<div class=\"elementor-widget-container\">\n\t\t\t\t\t\t\t\t\t<p>Keep your email lists clean and up to date. Manage unsubscribes and complaints to ensure that you only contact the recipients who are really interested.<\/p>\t\t\t\t\t\t\t\t<\/div>\n\t\t\t\t<\/div>\n\t\t\t\t<div class=\"elementor-element elementor-element-99a7df7 elementor-widget elementor-widget-html\" data-id=\"99a7df7\" data-element_type=\"widget\" data-widget_type=\"html.default\">\n\t\t\t\t<div class=\"elementor-widget-container\">\n\t\t\t\t\t\n    <h2>Tag management<\/h2>\n    <p>Use tags to better segment your email recipients and send personalized marketing messages. Create, replace and delete tags as required.<\/p>\n\n    <h2>Field management<\/h2>\n    <p>Manage custom fields in your database. Customize your data structure to ensure that you have captured all relevant information.<\/p>\n\n    <h2>Advantages of the mailfino REST API<\/h2>\n    <p>Experience the numerous advantages of the Mailfino REST API and take your email marketing to a new level:<\/p>\n    <ul>\n        <li><strong>Simple integration:<\/strong> Seamless integration into your existing systems and workflows.<\/li>\n        <li><strong>Automation:<\/strong> Efficient automation of recurring tasks to save time and resources.<\/li>\n        <li><strong>Flexibility:<\/strong> Extensive customization options to adapt the API to your specific requirements.<\/li>\n        <li><strong>Detailed reports:<\/strong> Comprehensive statistics and reports for the continuous optimization of your campaigns.<\/li>\n        <li><strong>High security:<\/strong> State-of-the-art security standards to protect your data.<\/li>\n    <\/ul>\n\n    <p>The mailfino REST API is the ideal tool for developers who need powerful and flexible solutions for their email marketing. Get started today and experience the benefits of an efficient and automated marketing strategy.<\/p>\n\n    <p>Visit the <a href=\"https:\/\/app.mailfino.com\/swagger\/index.html\" target=\"_blank\" rel=\"noopener\">mailfino Swagger Documentation<\/a> for further information and technical details.<\/p>\t\t\t\t<\/div>\n\t\t\t\t<\/div>\n\t\t\t\t\t<\/div>\n\t\t<\/div>\n\t\t\t\t\t<\/div>\n\t\t<\/section>\n\t\t\t\t<\/div>","protected":false},"excerpt":{"rendered":"<p>Entdecken Sie die leistungsf\u00e4hige mailfino REST AP Die Mailfino REST API bietet eine umfassende und flexible L\u00f6sung zur Automatisierung und Optimierung Ihrer E-Mail-Marketingprozesse. Entwickeln Sie ma\u00dfgeschneiderte Anwendungen und integrieren Sie leistungsstarke Funktionen direkt in Ihre bestehenden Systeme. Autoresponse Management Mit der Autoresponse-Verwaltung k\u00f6nnen Sie automatische Antworten effizient erstellen, verwalten und l\u00f6schen. Sorgen Sie daf\u00fcr, dass [&hellip;]<\/p>\n","protected":false},"author":1,"featured_media":0,"parent":0,"menu_order":0,"comment_status":"closed","ping_status":"closed","template":"","meta":{"footnotes":""},"class_list":["post-2936","page","type-page","status-publish","hentry"],"_links":{"self":[{"href":"https:\/\/www.mailfino.de\/en\/wp-json\/wp\/v2\/pages\/2936","targetHints":{"allow":["GET"]}}],"collection":[{"href":"https:\/\/www.mailfino.de\/en\/wp-json\/wp\/v2\/pages"}],"about":[{"href":"https:\/\/www.mailfino.de\/en\/wp-json\/wp\/v2\/types\/page"}],"author":[{"embeddable":true,"href":"https:\/\/www.mailfino.de\/en\/wp-json\/wp\/v2\/users\/1"}],"replies":[{"embeddable":true,"href":"https:\/\/www.mailfino.de\/en\/wp-json\/wp\/v2\/comments?post=2936"}],"version-history":[{"count":15,"href":"https:\/\/www.mailfino.de\/en\/wp-json\/wp\/v2\/pages\/2936\/revisions"}],"predecessor-version":[{"id":4041,"href":"https:\/\/www.mailfino.de\/en\/wp-json\/wp\/v2\/pages\/2936\/revisions\/4041"}],"wp:attachment":[{"href":"https:\/\/www.mailfino.de\/en\/wp-json\/wp\/v2\/media?parent=2936"}],"curies":[{"name":"wp","href":"https:\/\/api.w.org\/{rel}","templated":true}]}}